{"id":3156,"date":"2024-07-17T16:27:02","date_gmt":"2024-07-17T16:27:02","guid":{"rendered":"https:\/\/redecellstore.com.br\/lojavirtual\/?post_type=product&#038;p=3156"},"modified":"2024-07-17T16:27:02","modified_gmt":"2024-07-17T16:27:02","slug":"capinha-divertidamente-2-com-nome","status":"publish","type":"product","link":"https:\/\/redecellstore.com.br\/lojavirtual\/produto\/capinha-divertidamente-2-com-nome\/","title":{"rendered":"Capinha &#8211; Divertidamente 2 com Nome"},"content":{"rendered":"<p>As capinhas para celular da CS Case deixam o seu smartphone a sua cara.\u00a0 Nossas capas personalizadas para celular,\u00a0 s\u00e3o feitas por meio de uma m\u00e1quina de grava\u00e7\u00e3o UV com alta qualidade de impress\u00e3o e durabilidade. Elas s\u00e3o \u00f3timas para voc\u00ea que deseja proteger seu celular e manter a delicadeza e o estilo. Temos mais de 1000 estampas.<\/p>\n<p>Estamos sempre em busca dos melhores produtos para facilitar o seu dia a dia. Com material qualificado, protegem o seu smartphone contra impactos, arranh\u00f5es e sujeira ocasionados no cotidiano.<\/p>\n<p>Sobre o amarelamento da capinha, nossa capinha tem como mat\u00e9ria-prima principal o TPU transparente e male\u00e1vel, que pode amarelar com o tempo por meio de um processo natural de uso do produto. Por\u00e9m, o n\u00edvel de amarelecimento depende completamente dos h\u00e1bitos de uso e dos ambientes em que a capa estar\u00e1 inserida, pois seja por mudan\u00e7as de temperatura e\/ou rea\u00e7\u00f5es qu\u00edmicas adversas, infelizmente, o amarelamento do produto pode vir a acontecer.<\/p>\n<p>&nbsp;<\/p>\n<p><strong>Garantia:<\/strong><br \/>\n&#8211; Defeito de f\u00e1brica \/ Descascamento: 3 meses;<\/p>\n<p>&nbsp;<\/p>\n<p><strong>Dicas Importantes:<\/strong><br \/>\nAntes de finalizar o seu pedido certifique-se de que a escolha do modelo do celular esteja correta. Caso ainda tenha d\u00favida entre em contato com o nosso suporte.<br \/>\nAten\u00e7\u00e3o: A capinha \u00e9 gravada apenas na parte de tr\u00e1s, as laterais s\u00e3o transparentes e n\u00e3o possuem grava\u00e7\u00e3o.<br \/>\nImagens meramente ilustrativas, o produto final pode sofrer uma leve varia\u00e7\u00e3o de cor\/tonalidade.<\/p>\n","protected":false},"excerpt":{"rendered":"<p>As capinhas para celular da CS Case deixam o seu smartphone a sua cara.\u00a0 Nossas capas personalizadas para celular,\u00a0 s\u00e3o feitas por meio de uma m\u00e1quina de grava\u00e7\u00e3o UV com alta qualidade de impress\u00e3o e durabilidade. Elas s\u00e3o \u00f3timas para voc\u00ea que deseja proteger seu celular e manter a delicadeza e o estilo. Temos mais [&hellip;]<\/p>\n","protected":false},"featured_media":3139,"comment_status":"open","ping_status":"closed","template":"","meta":[],"product_brand":[],"product_cat":[272,273,294],"product_tag":[295],"class_list":{"0":"post-3156","1":"product","2":"type-product","3":"status-publish","4":"has-post-thumbnail","6":"product_cat-com-nome","7":"product_cat-com-sobrenome","8":"product_cat-divertidamente-2","9":"product_tag-divertidamente2","10":"wcpa_has_options","12":"first","13":"instock","14":"shipping-taxable","15":"purchasable","16":"product-type-simple"},"_links":{"self":[{"href":"https:\/\/redecellstore.com.br\/lojavirtual\/wp-json\/wp\/v2\/product\/3156","targetHints":{"allow":["GET"]}}],"collection":[{"href":"https:\/\/redecellstore.com.br\/lojavirtual\/wp-json\/wp\/v2\/product"}],"about":[{"href":"https:\/\/redecellstore.com.br\/lojavirtual\/wp-json\/wp\/v2\/types\/product"}],"replies":[{"embeddable":true,"href":"https:\/\/redecellstore.com.br\/lojavirtual\/wp-json\/wp\/v2\/comments?post=3156"}],"wp:featuredmedia":[{"embeddable":true,"href":"https:\/\/redecellstore.com.br\/lojavirtual\/wp-json\/wp\/v2\/media\/3139"}],"wp:attachment":[{"href":"https:\/\/redecellstore.com.br\/lojavirtual\/wp-json\/wp\/v2\/media?parent=3156"}],"wp:term":[{"taxonomy":"product_brand","embeddable":true,"href":"https:\/\/redecellstore.com.br\/lojavirtual\/wp-json\/wp\/v2\/product_brand?post=3156"},{"taxonomy":"product_cat","embeddable":true,"href":"https:\/\/redecellstore.com.br\/lojavirtual\/wp-json\/wp\/v2\/product_cat?post=3156"},{"taxonomy":"product_tag","embeddable":true,"href":"https:\/\/redecellstore.com.br\/lojavirtual\/wp-json\/wp\/v2\/product_tag?post=3156"}],"curies":[{"name":"wp","href":"https:\/\/api.w.org\/{rel}","templated":true}]}}